{"id":54,"date":"2026-01-09T18:12:01","date_gmt":"2026-01-09T15:12:01","guid":{"rendered":"http:\/\/femarin.com\/?page_id=54"},"modified":"2026-01-09T18:57:05","modified_gmt":"2026-01-09T15:57:05","slug":"endustri","status":"publish","type":"page","link":"http:\/\/femarin.com\/index.php\/endustri\/","title":{"rendered":"End\u00fcstri"},"content":{"rendered":"\n<div class=\"bakim-wrapper\">\n    <div class=\"bakim-inner\">\n        <img decoding=\"async\" src=\"http:\/\/femarin.com\/wp-content\/uploads\/2026\/01\/Web-sitemiz-yapim-asamasinda.-Cok-yakinda-hizmetlerimizi-online-olarak-kesfedebileceksiniz.png\" class=\"bakim-img\">\n\n        <a href=\"https:\/\/www.linkedin.com\/company\/femari\u0307n-ki\u0307mya-medikal-turizm-i\u0307n\u015faat-taah\u00fct-sanayi-ve-ticaret-limited-\u015firketi\" target=\"_blank\" class=\"hit-box linkedin-pos\" title=\"LinkedIn\"><\/a>\n        \n        <a href=\"https:\/\/youtube.com\/@femarinkimya?si=KZe31LlUCImkCTjJ\" target=\"_blank\" class=\"hit-box youtube-pos\" title=\"YouTube\"><\/a>\n    <\/div>\n<\/div>\n\n<style>\n\/* 1. ADIM: Sayfan\u0131n \u00fcst\u00fcndeki temadan kaynakl\u0131 bo\u015fluklar\u0131 ve ba\u015fl\u0131\u011f\u0131 (header) yok eder *\/\nheader, .site-header, .header-v1, .entry-header { \n    display: none !important; \n}\n\n\/* 2. ADIM: Sayfa i\u00e7eri\u011fini zorla en tepeye \u00e7eker *\/\n.site-content, .entry-content, .post-content {\n    padding-top: 0 !important;\n    margin-top: 0 !important;\n}\n\n.bakim-wrapper {\n    width: 100%;\n    display: flex;\n    justify-content: center;\n    background: #fdfdfd;\n    \/* E\u011fer hala yukar\u0131da bo\u015fluk kal\u0131yorsa a\u015fa\u011f\u0131daki de\u011feri art\u0131rabilirsin (-200px gibi) *\/\n    margin-top: -50px; \n    position: relative;\n    z-index: 9999;\n}\n\n.bakim-inner {\n    position: relative;\n    display: inline-block;\n    max-width: 1200px;\n    width: 100%;\n}\n\n.bakim-img {\n    width: 100%;\n    height: auto;\n    display: block;\n}\n\n.hit-box {\n    position: absolute;\n    width: 4.5%;\n    height: 8%;\n    background: rgba(255, 0, 0, 0); \n    cursor: pointer;\n    z-index: 999;\n}\n\n.linkedin-pos {\n    bottom: 37%;\n    left: 16%;\n}\n\n.youtube-pos {\n    bottom: 37%;\n    left: 23%;\n}\n\n@media (max-width: 768px) {\n    .bakim-wrapper { margin-top: 0; } \/* Mobilde genellikle bo\u015fluk olmaz *\/\n    .hit-box {\n        width: 8%;\n        height: 8%;\n    }\n}\n<\/style>\n\n\n\n<p><\/p>\n","protected":false},"excerpt":{"rendered":"","protected":false},"author":1,"featured_media":0,"parent":0,"menu_order":0,"comment_status":"closed","ping_status":"closed","template":"","meta":{"site-sidebar-layout":"default","site-content-layout":"","ast-site-content-layout":"default","site-content-style":"default","site-sidebar-style":"default","ast-global-header-display":"","ast-banner-title-visibility":"","ast-main-header-display":"","ast-hfb-above-header-display":"","ast-hfb-below-header-display":"","ast-hfb-mobile-header-display":"","site-post-title":"","ast-breadcrumbs-content":"","ast-featured-img":"","footer-sml-layout":"","ast-disable-related-posts":"","theme-transparent-header-meta":"","adv-header-id-meta":"","stick-header-meta":"","header-above-stick-meta":"","header-main-stick-meta":"","header-below-stick-meta":"","astra-migrate-meta-layouts":"default","ast-page-background-enabled":"default","ast-page-background-meta":{"desktop":{"background-color":"var(--ast-global-color-5)","background-image":"","background-repeat":"repeat","background-position":"center center","background-size":"auto","background-attachment":"scroll","background-type":"","background-media":"","overlay-type":"","overlay-color":"","overlay-opacity":"","overlay-gradient":""},"tablet":{"background-color":"","background-image":"","background-repeat":"repeat","background-position":"center center","background-size":"auto","background-attachment":"scroll","background-type":"","background-media":"","overlay-type":"","overlay-color":"","overlay-opacity":"","overlay-gradient":""},"mobile":{"background-color":"","background-image":"","background-repeat":"repeat","background-position":"center center","background-size":"auto","background-attachment":"scroll","background-type":"","background-media":"","overlay-type":"","overlay-color":"","overlay-opacity":"","overlay-gradient":""}},"ast-content-background-meta":{"desktop":{"background-color":"var(--ast-global-color-4)","background-image":"","background-repeat":"repeat","background-position":"center center","background-size":"auto","background-attachment":"scroll","background-type":"","background-media":"","overlay-type":"","overlay-color":"","overlay-opacity":"","overlay-gradient":""},"tablet":{"background-color":"var(--ast-global-color-4)","background-image":"","background-repeat":"repeat","background-position":"center center","background-size":"auto","background-attachment":"scroll","background-type":"","background-media":"","overlay-type":"","overlay-color":"","overlay-opacity":"","overlay-gradient":""},"mobile":{"background-color":"var(--ast-global-color-4)","background-image":"","background-repeat":"repeat","background-position":"center center","background-size":"auto","background-attachment":"scroll","background-type":"","background-media":"","overlay-type":"","overlay-color":"","overlay-opacity":"","overlay-gradient":""}},"footnotes":""},"class_list":["post-54","page","type-page","status-publish","hentry"],"_links":{"self":[{"href":"http:\/\/femarin.com\/index.php\/wp-json\/wp\/v2\/pages\/54","targetHints":{"allow":["GET"]}}],"collection":[{"href":"http:\/\/femarin.com\/index.php\/wp-json\/wp\/v2\/pages"}],"about":[{"href":"http:\/\/femarin.com\/index.php\/wp-json\/wp\/v2\/types\/page"}],"author":[{"embeddable":true,"href":"http:\/\/femarin.com\/index.php\/wp-json\/wp\/v2\/users\/1"}],"replies":[{"embeddable":true,"href":"http:\/\/femarin.com\/index.php\/wp-json\/wp\/v2\/comments?post=54"}],"version-history":[{"count":23,"href":"http:\/\/femarin.com\/index.php\/wp-json\/wp\/v2\/pages\/54\/revisions"}],"predecessor-version":[{"id":81,"href":"http:\/\/femarin.com\/index.php\/wp-json\/wp\/v2\/pages\/54\/revisions\/81"}],"wp:attachment":[{"href":"http:\/\/femarin.com\/index.php\/wp-json\/wp\/v2\/media?parent=54"}],"curies":[{"name":"wp","href":"https:\/\/api.w.org\/{rel}","templated":true}]}}